{"id":1256,"date":"2023-04-25T08:14:19","date_gmt":"2023-04-25T08:14:19","guid":{"rendered":"https:\/\/kramatherapy.gr\/?page_id=1256"},"modified":"2023-06-30T13:47:26","modified_gmt":"2023-06-30T13:47:26","slug":"viomatika-ergastiria","status":"publish","type":"page","link":"https:\/\/kramatherapy.com\/fr\/viomatika-ergastiria\/","title":{"rendered":"Ateliers exp\u00e9rientiels"},"content":{"rendered":"<div data-elementor-type=\"wp-page\" data-elementor-id=\"1256\" class=\"elementor elementor-1256\" data-elementor-post-type=\"page\">\n\t\t\t\t\t\t<section class=\"elementor-section elementor-top-section elementor-element elementor-element-86d1f84 elementor-section-boxed elementor-section-height-default elementor-section-height-default\" data-id=\"86d1f84\" data-element_type=\"section\">\n\t\t\t\t\t\t<div class=\"elementor-container elementor-column-gap-default\">\n\t\t\t\t\t<div class=\"elementor-column elementor-col-50 elementor-top-column elementor-element elementor-element-f9c2876\" data-id=\"f9c2876\" data-element_type=\"column\">\n\t\t\t<div class=\"elementor-widget-wrap elementor-element-populated\">\n\t\t\t\t\t\t<div class=\"elementor-element elementor-element-932c050 elementor-widget__width-auto elementor-view-default elementor-widget elementor-widget-icon\" data-id=\"932c050\" data-element_type=\"widget\" data-settings=\"{&quot;motion_fx_motion_fx_scrolling&quot;:&quot;yes&quot;,&quot;motion_fx_opacity_effect&quot;:&quot;yes&quot;,&quot;motion_fx_opacity_range&quot;:{&quot;unit&quot;:&quot;%&quot;,&quot;size&quot;:&quot;&quot;,&quot;sizes&quot;:{&quot;start&quot;:36,&quot;end&quot;:66}},&quot;motion_fx_scale_effect&quot;:&quot;yes&quot;,&quot;motion_fx_opacity_direction&quot;:&quot;out-in&quot;,&quot;motion_fx_opacity_level&quot;:{&quot;unit&quot;:&quot;px&quot;,&quot;size&quot;:10,&quot;sizes&quot;:[]},&quot;motion_fx_scale_direction&quot;:&quot;out-in&quot;,&quot;motion_fx_scale_speed&quot;:{&quot;unit&quot;:&quot;px&quot;,&quot;size&quot;:4,&quot;sizes&quot;:[]},&quot;motion_fx_scale_range&quot;:{&quot;unit&quot;:&quot;%&quot;,&quot;size&quot;:&quot;&quot;,&quot;sizes&quot;:{&quot;start&quot;:20,&quot;end&quot;:80}},&quot;motion_fx_devices&quot;:[&quot;desktop&quot;,&quot;tablet&quot;,&quot;mobile&quot;]}\" data-widget_type=\"icon.default\">\n\t\t\t\t<div class=\"elementor-widget-container\">\n\t\t\t\t\t<div class=\"elementor-icon-wrapper\">\n\t\t\t<div class=\"elementor-icon\">\n\t\t\t<svg xmlns=\"http:\/\/www.w3.org\/2000\/svg\" xmlns:xlink=\"http:\/\/www.w3.org\/1999\/xlink\" id=\"Layer_1\" x=\"0px\" y=\"0px\" width=\"103px\" height=\"117px\" viewbox=\"0 0 103 117\" style=\"enable-background:new 0 0 103 117;\" xml:space=\"preserve\"><style type=\"text\/css\">\t.st0{fill:#A8967B;}<\/style><polygon class=\"st0\" points=\"65.1,0 103,75 0,117 \"><\/polygon><\/svg>\t\t\t<\/div>\n\t\t<\/div>\n\t\t\t\t<\/div>\n\t\t\t\t<\/div>\n\t\t\t\t<div class=\"elementor-element elementor-element-b1d1630 elementor-widget elementor-widget-heading\" data-id=\"b1d1630\" data-element_type=\"widget\" data-settings=\"{&quot;motion_fx_motion_fx_scrolling&quot;:&quot;yes&quot;,&quot;motion_fx_translateX_effect&quot;:&quot;yes&quot;,&quot;motion_fx_translateX_affectedRange&quot;:{&quot;unit&quot;:&quot;%&quot;,&quot;size&quot;:&quot;&quot;,&quot;sizes&quot;:{&quot;start&quot;:0,&quot;end&quot;:51}},&quot;motion_fx_opacity_effect&quot;:&quot;yes&quot;,&quot;motion_fx_opacity_range&quot;:{&quot;unit&quot;:&quot;%&quot;,&quot;size&quot;:&quot;&quot;,&quot;sizes&quot;:{&quot;start&quot;:20,&quot;end&quot;:50}},&quot;_animation&quot;:&quot;none&quot;,&quot;_animation_delay&quot;:1600,&quot;motion_fx_translateX_direction&quot;:&quot;negative&quot;,&quot;motion_fx_translateX_speed&quot;:{&quot;unit&quot;:&quot;px&quot;,&quot;size&quot;:1.5,&quot;sizes&quot;:[]},&quot;motion_fx_opacity_direction&quot;:&quot;out-in&quot;,&quot;motion_fx_opacity_level&quot;:{&quot;unit&quot;:&quot;px&quot;,&quot;size&quot;:10,&quot;sizes&quot;:[]},&quot;motion_fx_devices&quot;:[&quot;desktop&quot;,&quot;tablet&quot;,&quot;mobile&quot;]}\" data-widget_type=\"heading.default\">\n\t\t\t\t<div class=\"elementor-widget-container\">\n\t\t\t<style>\/*! elementor - v3.22.0 - 26-06-2024 *\/\n.elementor-heading-title{padding:0;margin:0;line-height:1}.elementor-widget-heading .elementor-heading-title[class*=elementor-size-]>a{color:inherit;font-size:inherit;line-height:inherit}.elementor-widget-heading .elementor-heading-title.elementor-size-small{font-size:15px}.elementor-widget-heading .elementor-heading-title.elementor-size-medium{font-size:19px}.elementor-widget-heading .elementor-heading-title.elementor-size-large{font-size:29px}.elementor-widget-heading .elementor-heading-title.elementor-size-xl{font-size:39px}.elementor-widget-heading .elementor-heading-title.elementor-size-xxl{font-size:59px}<\/style><h2 class=\"elementor-heading-title elementor-size-default\">Ateliers exp\u00e9rientiels<\/h2>\t\t<\/div>\n\t\t\t\t<\/div>\n\t\t\t\t\t<\/div>\n\t\t<\/div>\n\t\t\t\t<div data-dce-background-image-url=\"https:\/\/kramatherapy.com\/wp-content\/uploads\/2023\/04\/pexels-ron-lach-9486577-scaled.jpg\" class=\"elementor-column elementor-col-50 elementor-top-column elementor-element elementor-element-8c35baa\" data-id=\"8c35baa\" data-element_type=\"column\" data-settings=\"{&quot;background_background&quot;:&quot;classic&quot;}\">\n\t\t\t<div class=\"elementor-widget-wrap elementor-element-populated\">\n\t\t\t\t\t\t<div class=\"elementor-element elementor-element-f3fcc38 elementor-widget elementor-widget-spacer\" data-id=\"f3fcc38\" data-element_type=\"widget\" data-widget_type=\"spacer.default\">\n\t\t\t\t<div class=\"elementor-widget-container\">\n\t\t\t<style>\/*! elementor - v3.22.0 - 26-06-2024 *\/\n.elementor-column .elementor-spacer-inner{height:var(--spacer-size)}.e-con{--container-widget-width:100%}.e-con-inner>.elementor-widget-spacer,.e-con>.elementor-widget-spacer{width:var(--container-widget-width,var(--spacer-size));--align-self:var(--container-widget-align-self,initial);--flex-shrink:0}.e-con-inner>.elementor-widget-spacer>.elementor-widget-container,.e-con>.elementor-widget-spacer>.elementor-widget-container{height:100%;width:100%}.e-con-inner>.elementor-widget-spacer>.elementor-widget-container>.elementor-spacer,.e-con>.elementor-widget-spacer>.elementor-widget-container>.elementor-spacer{height:100%}.e-con-inner>.elementor-widget-spacer>.elementor-widget-container>.elementor-spacer>.elementor-spacer-inner,.e-con>.elementor-widget-spacer>.elementor-widget-container>.elementor-spacer>.elementor-spacer-inner{height:var(--container-widget-height,var(--spacer-size))}.e-con-inner>.elementor-widget-spacer.elementor-widget-empty,.e-con>.elementor-widget-spacer.elementor-widget-empty{position:relative;min-height:22px;min-width:22px}.e-con-inner>.elementor-widget-spacer.elementor-widget-empty .elementor-widget-empty-icon,.e-con>.elementor-widget-spacer.elementor-widget-empty .elementor-widget-empty-icon{position:absolute;top:0;bottom:0;left:0;right:0;margin:auto;padding:0;width:22px;height:22px}<\/style>\t\t<div class=\"elementor-spacer\">\n\t\t\t<div class=\"elementor-spacer-inner\"><\/div>\n\t\t<\/div>\n\t\t\t\t<\/div>\n\t\t\t\t<\/div>\n\t\t\t\t\t<\/div>\n\t\t<\/div>\n\t\t\t\t\t<\/div>\n\t\t<\/section>\n\t\t\t\t<section class=\"elementor-section elementor-top-section elementor-element elementor-element-8c18d2b elementor-section-boxed elementor-section-height-default elementor-section-height-default elementor-invisible\" data-id=\"8c18d2b\" data-element_type=\"section\" data-settings=\"{&quot;animation&quot;:&quot;fadeIn&quot;}\">\n\t\t\t\t\t\t<div class=\"elementor-container elementor-column-gap-default\">\n\t\t\t\t\t<div class=\"elementor-column elementor-col-100 elementor-top-column elementor-element elementor-element-a075933\" data-id=\"a075933\" data-element_type=\"column\" data-settings=\"{&quot;background_motion_fx_translateX_effect&quot;:&quot;yes&quot;,&quot;background_motion_fx_translateX_direction&quot;:&quot;negative&quot;,&quot;background_motion_fx_translateX_speed&quot;:{&quot;unit&quot;:&quot;px&quot;,&quot;size&quot;:2.3,&quot;sizes&quot;:[]},&quot;background_motion_fx_translateX_affectedRange&quot;:{&quot;unit&quot;:&quot;%&quot;,&quot;size&quot;:&quot;&quot;,&quot;sizes&quot;:{&quot;start&quot;:24,&quot;end&quot;:50}},&quot;background_motion_fx_range&quot;:&quot;viewport&quot;,&quot;background_motion_fx_devices&quot;:[&quot;desktop&quot;,&quot;tablet&quot;,&quot;mobile&quot;]}\">\n\t\t\t<div class=\"elementor-widget-wrap elementor-element-populated\">\n\t\t\t\t\t\t<div class=\"elementor-element elementor-element-3821a4b elementor-widget elementor-widget-accordion\" data-id=\"3821a4b\" data-element_type=\"widget\" data-settings=\"{&quot;_animation&quot;:&quot;none&quot;,&quot;_animation_delay&quot;:800}\" data-widget_type=\"accordion.default\">\n\t\t\t\t<div class=\"elementor-widget-container\">\n\t\t\t<style>\/*! elementor - v3.22.0 - 26-06-2024 *\/\n.elementor-accordion{text-align:start}.elementor-accordion .elementor-accordion-item{border:1px solid #d5d8dc}.elementor-accordion .elementor-accordion-item+.elementor-accordion-item{border-top:none}.elementor-accordion .elementor-tab-title{margin:0;padding:15px 20px;font-weight:700;line-height:1;cursor:pointer;outline:none}.elementor-accordion .elementor-tab-title .elementor-accordion-icon{display:inline-block;width:1.5em}.elementor-accordion .elementor-tab-title .elementor-accordion-icon svg{width:1em;height:1em}.elementor-accordion .elementor-tab-title .elementor-accordion-icon.elementor-accordion-icon-right{float:right;text-align:right}.elementor-accordion .elementor-tab-title .elementor-accordion-icon.elementor-accordion-icon-left{float:left;text-align:left}.elementor-accordion .elementor-tab-title .elementor-accordion-icon .elementor-accordion-icon-closed{display:block}.elementor-accordion .elementor-tab-title .elementor-accordion-icon .elementor-accordion-icon-opened,.elementor-accordion .elementor-tab-title.elementor-active .elementor-accordion-icon-closed{display:none}.elementor-accordion .elementor-tab-title.elementor-active .elementor-accordion-icon-opened{display:block}.elementor-accordion .elementor-tab-content{display:none;padding:15px 20px;border-top:1px solid #d5d8dc}@media (max-width:767px){.elementor-accordion .elementor-tab-title{padding:12px 15px}.elementor-accordion .elementor-tab-title .elementor-accordion-icon{width:1.2em}.elementor-accordion .elementor-tab-content{padding:7px 15px}}.e-con-inner>.elementor-widget-accordion,.e-con>.elementor-widget-accordion{width:var(--container-widget-width);--flex-grow:var(--container-widget-flex-grow)}<\/style>\t\t<div class=\"elementor-accordion\">\n\t\t\t\t\t\t\t<div class=\"elementor-accordion-item\">\n\t\t\t\t\t<div id=\"elementor-tab-title-5881\" class=\"elementor-tab-title\" data-tab=\"1\" role=\"button\" aria-controls=\"elementor-tab-content-5881\" aria-expanded=\"false\">\n\t\t\t\t\t\t\t\t\t\t\t\t\t<span class=\"elementor-accordion-icon elementor-accordion-icon-left\" aria-hidden=\"true\">\n\t\t\t\t\t\t\t\t\t\t\t\t\t\t\t<span class=\"elementor-accordion-icon-closed\"><i class=\"fas fa-angle-down\"><\/i><\/span>\n\t\t\t\t\t\t\t\t<span class=\"elementor-accordion-icon-opened\"><i class=\"fas fa-chevron-up\"><\/i><\/span>\n\t\t\t\t\t\t\t\t\t\t\t\t\t\t<\/span>\n\t\t\t\t\t\t\t\t\t\t\t\t<a class=\"elementor-accordion-title\" tabindex=\"0\">Mouvement &amp; Danse<\/a>\n\t\t\t\t\t<\/div>\n\t\t\t\t\t<div id=\"elementor-tab-content-5881\" class=\"elementor-tab-content elementor-clearfix\" data-tab=\"1\" role=\"region\" aria-labelledby=\"elementor-tab-title-5881\"><p>Dans Krama Therapy, des ateliers de mouvement et de danse sont organis\u00e9s pour les enfants de 3 ans, pour les enfants jusqu'\u00e0 15 ans, pour les adolescents, pour les adultes ainsi que pour les personnes \u00e2g\u00e9es et les personnes en situation de handicap. Bien que le cadre soit non-th\u00e9rapeutique, les objectifs principaux des ateliers sont l'activation du corps, l'expression artistique, la communication non verbale, la cr\u00e9ativit\u00e9 et le d\u00e9veloppement psychomoteur.<\/p><p>Merci de nous appeler ou de vous informer via Facebook sur les ateliers organis\u00e9s cette p\u00e9riode !<\/p><\/div>\n\t\t\t\t<\/div>\n\t\t\t\t\t\t\t<div class=\"elementor-accordion-item\">\n\t\t\t\t\t<div id=\"elementor-tab-title-5882\" class=\"elementor-tab-title\" data-tab=\"2\" role=\"button\" aria-controls=\"elementor-tab-content-5882\" aria-expanded=\"false\">\n\t\t\t\t\t\t\t\t\t\t\t\t\t<span class=\"elementor-accordion-icon elementor-accordion-icon-left\" aria-hidden=\"true\">\n\t\t\t\t\t\t\t\t\t\t\t\t\t\t\t<span class=\"elementor-accordion-icon-closed\"><i class=\"fas fa-angle-down\"><\/i><\/span>\n\t\t\t\t\t\t\t\t<span class=\"elementor-accordion-icon-opened\"><i class=\"fas fa-chevron-up\"><\/i><\/span>\n\t\t\t\t\t\t\t\t\t\t\t\t\t\t<\/span>\n\t\t\t\t\t\t\t\t\t\t\t\t<a class=\"elementor-accordion-title\" tabindex=\"0\">Groupe de danse-th\u00e9rapie pour les personnes \u00e2g\u00e9es<\/a>\n\t\t\t\t\t<\/div>\n\t\t\t\t\t<div id=\"elementor-tab-content-5882\" class=\"elementor-tab-content elementor-clearfix\" data-tab=\"2\" role=\"region\" aria-labelledby=\"elementor-tab-title-5882\"><p>Groupe de danse-th\u00e9rapie pour les personnes \u00e2g\u00e9es !<br \/>L'atelier est con\u00e7u pour promouvoir la sant\u00e9 physique, \u00e9motionnelle et mentale \u00e0 travers la puissance de la danse. En vieillissant, notre corps et notre esprit subissent des changements qui peuvent conduire \u00e0 une mobilit\u00e9 r\u00e9duite, \u00e0 des probl\u00e8mes d'\u00e9quilibre et<br \/>une perte de force. Notre groupe de danse-th\u00e9rapie vise \u00e0 adresser ces probl\u00e8mes en am\u00e9liorant la condition physique et le bien-\u00eatre g\u00e9n\u00e9ral.<\/p><p>\u00c0 travers le mouvement et le rythme, les participants peuvent augmenter la force musculaire, la flexibilit\u00e9 et la coordination, ce qui peut aider \u00e0 r\u00e9duire le risque de chutes et de blessures.<br \/>En plus des bienfaits physiques, la danse-th\u00e9rapie peut \u00e9galement avoir un impact positif sur la sant\u00e9 \u00e9motionnelle et psychique. Les participants peuvent \u00e9prouver des sentiments d'isolement, de d\u00e9pression ou d'anxi\u00e9t\u00e9 en raison de changements dans leur vie, tels que la retraite ou la perte de proches. La danse-th\u00e9rapie offre un environnement de soutien qui renforce les liens sociaux, la cr\u00e9ativit\u00e9 et l'expression de soi, ce qui peut aider \u00e0 soulager ces \u00e9motions. Nos s\u00e9ances de groupe sont guid\u00e9es par une danse-th\u00e9rapeute exp\u00e9riment\u00e9e et un psychologue d\u00e9vou\u00e9 \u00e0 aider les participants \u00e0 atteindre leurs objectifs et \u00e0 am\u00e9liorer leur qualit\u00e9 de vie globale. En rejoignant notre groupe de danse-th\u00e9rapie, vous pouvez vivre la joie de la danse tout en am\u00e9liorant votre bien-\u00eatre physique, \u00e9motionnel et psychique.<\/p><p>Contactez-nous aujourd'hui pour en savoir plus sur l'atelier et pour vous inscrire !<\/p><\/div>\n\t\t\t\t<\/div>\n\t\t\t\t\t\t\t<div class=\"elementor-accordion-item\">\n\t\t\t\t\t<div id=\"elementor-tab-title-5883\" class=\"elementor-tab-title\" data-tab=\"3\" role=\"button\" aria-controls=\"elementor-tab-content-5883\" aria-expanded=\"false\">\n\t\t\t\t\t\t\t\t\t\t\t\t\t<span class=\"elementor-accordion-icon elementor-accordion-icon-left\" aria-hidden=\"true\">\n\t\t\t\t\t\t\t\t\t\t\t\t\t\t\t<span class=\"elementor-accordion-icon-closed\"><i class=\"fas fa-angle-down\"><\/i><\/span>\n\t\t\t\t\t\t\t\t<span class=\"elementor-accordion-icon-opened\"><i class=\"fas fa-chevron-up\"><\/i><\/span>\n\t\t\t\t\t\t\t\t\t\t\t\t\t\t<\/span>\n\t\t\t\t\t\t\t\t\t\t\t\t<a class=\"elementor-accordion-title\" tabindex=\"0\">\"Danser avec mon b\u00e9b\u00e9\" et \"Danser avec mon enfant\"<\/a>\n\t\t\t\t\t<\/div>\n\t\t\t\t\t<div id=\"elementor-tab-content-5883\" class=\"elementor-tab-content elementor-clearfix\" data-tab=\"3\" role=\"region\" aria-labelledby=\"elementor-tab-title-5883\"><p>Les ateliers offrent une mani\u00e8re divertissante et attrayante pour les parents et leurs jeunes enfants de se connecter et de se lier \u00e0 travers le mouvement et la danse. La th\u00e9rapeute en danse vous guidera \u00e0 travers une s\u00e9rie d'activit\u00e9s artistiques et d'exercices physiques sp\u00e9cialement con\u00e7us pour vous aider, ainsi que votre enfant, \u00e0 explorer le mouvement, renforcer la coordination et l'\u00e9quilibre, et promouvoir un d\u00e9veloppement sain.<\/p><p>Notre approche est bas\u00e9e sur les principes de la th\u00e9orie de l'attachement et de la pleine conscience. La th\u00e9orie de l'attachement souligne l'importance de la relation parent-enfant et du besoin d'attachement s\u00e9curis\u00e9 pour promouvoir un d\u00e9veloppement sain. \u00c0 travers la danse et le mouvement, les parents et les enfants apprennent \u00e0 se synchroniser avec les besoins de l'autre, \u00e0 approfondir leur connexion et \u00e0 favoriser un attachement sain.<\/p><p>La pleine conscience (Mindfulness), d'autre part, souligne l'importance d'\u00eatre pr\u00e9sent dans l'instant et d'\u00eatre conscient de ses pens\u00e9es et de ses \u00e9motions sans les juger. \u00c0 travers la danse et le mouvement, les parents et les enfants apprennent \u00e0 \u00eatre pr\u00e9sents l'un pour l'autre et \u00e0 se synchroniser avec leurs propres pens\u00e9es et \u00e9motions ainsi qu'avec celles de leur enfant.<\/p><p>\"Dans l'atelier \"Danse avec mon b\u00e9b\u00e9\" nous mettons l'accent sur le renforcement du lien parent-enfant \u00e0 travers le mouvement et le toucher. Nous offrons un environnement attentionn\u00e9 et favorable aux parents et \u00e0 leurs b\u00e9b\u00e9s \u00e2g\u00e9s de 3 \u00e0 18 mois pour explorer le mouvement et se connecter \u00e0 travers la danse.\"<\/p><p>Dans l'atelier \"Danser avec mon enfant\", nous adoptons une approche centr\u00e9e sur l'enfant qui met l'accent sur la cr\u00e9ativit\u00e9 physique et la curiosit\u00e9 de votre enfant. Nous encourageons l'exploration et l'expression de soi \u00e0 travers une s\u00e9rie d'activit\u00e9s motrices et de jeux sp\u00e9cialement con\u00e7us pour les enfants de 18 mois \u00e0 4 ans.<\/p><p>Les b\u00e9n\u00e9fices des ateliers de danse-th\u00e9rapie pour parents-enfants incluent :<br \/>Promotion du lien sain entre parent et enfant.<br \/>Renforcement de la coordination et des habilet\u00e9s motrices grossi\u00e8res.<br \/>Encouragement de l'expression cr\u00e9ative et de la connaissance de soi.<br \/>Am\u00e9lioration des comp\u00e9tences sociales et de l'interaction avec les pairs.<br \/>R\u00e9duction du stress et de l'anxi\u00e9t\u00e9<\/p><p>Que vous souhaitiez renforcer votre relation avec votre b\u00e9b\u00e9 ou votre jeune enfant, ou que vous recherchiez simplement une mani\u00e8re amusante et attrayante d'explorer le mouvement, les ateliers de danse th\u00e9rapie parent-enfant sont l'endroit id\u00e9al pour vous. Rejoignez-nous et d\u00e9couvrez la joie et le pouvoir th\u00e9rapeutique de la danse et du mouvement !<\/p><\/div>\n\t\t\t\t<\/div>\n\t\t\t\t\t\t\t<div class=\"elementor-accordion-item\">\n\t\t\t\t\t<div id=\"elementor-tab-title-5884\" class=\"elementor-tab-title\" data-tab=\"4\" role=\"button\" aria-controls=\"elementor-tab-content-5884\" aria-expanded=\"false\">\n\t\t\t\t\t\t\t\t\t\t\t\t\t<span class=\"elementor-accordion-icon elementor-accordion-icon-left\" aria-hidden=\"true\">\n\t\t\t\t\t\t\t\t\t\t\t\t\t\t\t<span class=\"elementor-accordion-icon-closed\"><i class=\"fas fa-angle-down\"><\/i><\/span>\n\t\t\t\t\t\t\t\t<span class=\"elementor-accordion-icon-opened\"><i class=\"fas fa-chevron-up\"><\/i><\/span>\n\t\t\t\t\t\t\t\t\t\t\t\t\t\t<\/span>\n\t\t\t\t\t\t\t\t\t\t\t\t<a class=\"elementor-accordion-title\" tabindex=\"0\">Connecter avec votre corps et votre b\u00e9b\u00e9 : Groupe de danse-th\u00e9rapie pour les femmes enceintes<\/a>\n\t\t\t\t\t<\/div>\n\t\t\t\t\t<div id=\"elementor-tab-content-5884\" class=\"elementor-tab-content elementor-clearfix\" data-tab=\"4\" role=\"region\" aria-labelledby=\"elementor-tab-title-5884\"><p>Bienvenue dans le groupe de danse-th\u00e9rapie pour les femmes enceintes ! L'exp\u00e9rience unique et puissante de ce groupe sp\u00e9cifique a \u00e9t\u00e9 con\u00e7ue pour soutenir les futures m\u00e8res pendant cette p\u00e9riode si transformative et exigeante. La grossesse peut \u00eatre une p\u00e9riode de changements physiques et \u00e9motionnels.\u00a0<\/p><p>Notre \u00e9quipe de danse-th\u00e9rapie offre un espace s\u00e9curis\u00e9 et soutenant pour les femmes enceintes afin qu'elles puissent se reconnecter avec leur corps, explorer leurs \u00e9motions et se lier avec leurs b\u00e9b\u00e9s. Nous croyons que le mouvement peut \u00eatre un outil puissant pour construire un lien entre la m\u00e8re et le b\u00e9b\u00e9, et nos sessions incluent des exercices qui favorisent le lien et la conscience corporelle. En plus d'explorer la relation entre la m\u00e8re et le b\u00e9b\u00e9, notre groupe offre \u00e9galement aux participantes l'opportunit\u00e9 de se connecter avec d'autres femmes enceintes. Construire des relations avec d'autres personnes ayant une exp\u00e9rience similaire peut \u00eatre une source importante de soutien et de validation. \u00c0 travers des exercices de mouvement guid\u00e9s et des discussions de groupe, nous explorons des th\u00e8mes tels que l'auto-soin, l'image corporelle, l'identit\u00e9 et la transition vers la maternit\u00e9. Aucune exp\u00e9rience pr\u00e9alable en danse n'est n\u00e9cessaire, et toutes les \u00e9tapes de la grossesse sont les bienvenues. Nos sessions sont dirig\u00e9es par une psychologue et une danse-th\u00e9rapeute.<\/p><p>Venir avec nous dans ce voyage vers la maternit\u00e9. Contactez-nous aujourd'hui pour en savoir plus et r\u00e9server votre place dans notre prochain groupe.<\/p><\/div>\n\t\t\t\t<\/div>\n\t\t\t\t\t\t\t\t<\/div>\n\t\t\t\t<\/div>\n\t\t\t\t<\/div>\n\t\t\t\t<div class=\"elementor-element elementor-element-3380cd6 elementor-widget elementor-widget-spacer\" data-id=\"3380cd6\" data-element_type=\"widget\" data-widget_type=\"spacer.default\">\n\t\t\t\t<div class=\"elementor-widget-container\">\n\t\t\t\t\t<div class=\"elementor-spacer\">\n\t\t\t<div class=\"elementor-spacer-inner\"><\/div>\n\t\t<\/div>\n\t\t\t\t<\/div>\n\t\t\t\t<\/div>\n\t\t\t\t\t<\/div>\n\t\t<\/div>\n\t\t\t\t\t<\/div>\n\t\t<\/section>\n\t\t\t\t<\/div>","protected":false},"excerpt":{"rendered":"<p>\u0392\u03b9\u03c9\u03bc\u03b1\u03c4\u03b9\u03ba\u03ac \u03b5\u03c1\u03b3\u03b1\u03c3\u03c4\u03ae\u03c1\u03b9\u03b1 \u039a\u03af\u03bd\u03b7\u03c3\u03b7 &#038; \u03a7\u03bf\u03c1\u03cc\u03c2 \u03a3\u03c4\u03bf krama therapy \u03c0\u03c1\u03b1\u03b3\u03bc\u03b1\u03c4\u03bf\u03c0\u03bf\u03b9\u03bf\u03cd\u03bd\u03c4\u03b1\u03b9 \u03b5\u03c1\u03b3\u03b1\u03c3\u03c4\u03ae\u03c1\u03b9\u03b1 \u03ba\u03af\u03bd\u03b7\u03c3\u03b7\u03c2 \u03ba\u03b1\u03b9 \u03c7\u03bf\u03c1\u03bf\u03cd \u03b3\u03b9\u03b1 \u03c0\u03b1\u03b9\u03b4\u03b9\u03ac \u03b1\u03c0\u03cc 3 \u03b5\u03c4\u03ce\u03bd, \u03b3\u03b9\u03b1 \u03c0\u03b1\u03b9\u03b4\u03b9\u03ac \u03ad\u03c9\u03c2 15 \u03b5\u03c4\u03ce\u03bd, \u03b3\u03b9\u03b1 \u03b5\u03c6\u03ae\u03b2\u03bf\u03c5\u03c2, \u03b3\u03b9\u03b1 \u03b5\u03bd\u03ae\u03bb\u03b9\u03ba\u03b5\u03c2 \u03ba\u03b1\u03b9 \u03b3\u03b9\u03b1 \u03ac\u03c4\u03bf\u03bc\u03b1 \u03c4\u03c1\u03af\u03c4\u03b7\u03c2 \u03b7\u03bb\u03b9\u03ba\u03af\u03b1\u03c2 \u03ba\u03b1\u03b9 \u0391\u03bc\u03b5\u0391. \u0391\u03bd \u03ba\u03b1\u03b9 \u03c4\u03bf \u03c0\u03bb\u03b1\u03af\u03c3\u03b9\u03bf \u03b5\u03af\u03bd\u03b1\u03b9 \u03bc\u03b7-\u03b8\u03b5\u03c1\u03b1\u03c0\u03b5\u03c5\u03c4\u03b9\u03ba\u03cc, \u03b2\u03b1\u03c3\u03b9\u03ba\u03bf\u03af \u03c3\u03c4\u03cc\u03c7\u03bf\u03b9 \u03c4\u03c9\u03bd \u03b5\u03c1\u03b3\u03b1\u03c3\u03c4\u03b7\u03c1\u03af\u03c9\u03bd \u03b5\u03af\u03bd\u03b1\u03b9 \u03b7 \u03b5\u03bd\u03b5\u03c1\u03b3\u03bf\u03c0\u03bf\u03af\u03b7\u03c3\u03b7 \u03c4\u03bf\u03c5 \u03c3\u03ce\u03bc\u03b1\u03c4\u03bf\u03c2, \u03b7 \u03ba\u03b1\u03bb\u03bb\u03b9\u03c4\u03b5\u03c7\u03bd\u03b9\u03ba\u03ae \u03ad\u03ba\u03c6\u03c1\u03b1\u03c3\u03b7, \u03b7 \u03bc\u03b7-\u03bb\u03b5\u03ba\u03c4\u03b9\u03ba\u03ae \u03b5\u03c0\u03b9\u03ba\u03bf\u03b9\u03bd\u03c9\u03bd\u03af\u03b1, [&hellip;]<\/p>","protected":false},"author":1,"featured_media":0,"parent":0,"menu_order":0,"comment_status":"closed","ping_status":"closed","template":"","meta":{"inline_featured_image":false,"footnotes":""},"class_list":["post-1256","page","type-page","status-publish","hentry"],"aioseo_notices":[],"_links":{"self":[{"href":"https:\/\/kramatherapy.com\/fr\/wp-json\/wp\/v2\/pages\/1256","targetHints":{"allow":["GET"]}}],"collection":[{"href":"https:\/\/kramatherapy.com\/fr\/wp-json\/wp\/v2\/pages"}],"about":[{"href":"https:\/\/kramatherapy.com\/fr\/wp-json\/wp\/v2\/types\/page"}],"author":[{"embeddable":true,"href":"https:\/\/kramatherapy.com\/fr\/wp-json\/wp\/v2\/users\/1"}],"replies":[{"embeddable":true,"href":"https:\/\/kramatherapy.com\/fr\/wp-json\/wp\/v2\/comments?post=1256"}],"version-history":[{"count":130,"href":"https:\/\/kramatherapy.com\/fr\/wp-json\/wp\/v2\/pages\/1256\/revisions"}],"predecessor-version":[{"id":1772,"href":"https:\/\/kramatherapy.com\/fr\/wp-json\/wp\/v2\/pages\/1256\/revisions\/1772"}],"wp:attachment":[{"href":"https:\/\/kramatherapy.com\/fr\/wp-json\/wp\/v2\/media?parent=1256"}],"curies":[{"name":"wp","href":"https:\/\/api.w.org\/{rel}","templated":true}]}}